{"id":1403,"date":"2021-11-29T17:03:56","date_gmt":"2021-11-29T17:03:56","guid":{"rendered":"https:\/\/legacysafeguard.com\/?page_id=1403"},"modified":"2025-08-04T00:16:45","modified_gmt":"2025-08-04T00:16:45","slug":"condiciones-del-servicio","status":"publish","type":"page","link":"https:\/\/legacysafeguard.com\/es\/condiciones-del-servicio\/","title":{"rendered":"Condiciones del servicio"},"content":{"rendered":"<style>\n.terms {\n   margin-bottom: 75px;\n}\n.terms ol li {\n    padding: 1rem;\n}\n.terms ol.lower-roman {\n    list-style: lower-roman;\n}\n.terms ol.lower-alpha {\n    list-style: lower-alpha;\n}\n<\/style>\n<div class=\"terms\">\nLee atentamente estas Condiciones de servicio (\u201cCondiciones\u201d) antes de utilizar los Recursos de Integrity Marketing Group (la \u201cEmpresa\u201d) (tal y como se definen a continuaci\u00f3n), de solicitar ser agente de seguros de la Empresa o de solicitar de cualquier otro modo la afiliaci\u00f3n a la Empresa.<\/p>\n<p>LEE ATENTAMENTE Y COMPRENDE ESTAS CONDICIONES. CONTIENEN UN ACUERDO DE ARBITRAJE, EXENCIONES DE JURADO Y DE ACCIONES COLECTIVAS, LIMITACIONES DE RESPONSABILIDAD Y OTRAS DISPOSICIONES QUE AFECTAN A TUS DERECHOS LEGALES. <\/p>\n<h3>1. Uso de los recursos<\/h3>\n<p>Tu uso del sitio web de la Empresa, el software de gesti\u00f3n de relaciones con los clientes, el portal de agentes, los clientes potenciales o tu recepci\u00f3n de comisiones u otras compensaciones de cualquier aseguradora afiliada a la Empresa (colectivamente, \u201cRecursos\u201d) est\u00e1 condicionado a tu reconocimiento, acuerdo y cumplimiento de estas Condiciones. Estas Condiciones se aplican a todos los agentes de seguros que vendan o comercialicen cualquier producto a trav\u00e9s de su afiliaci\u00f3n a la Empresa o en relaci\u00f3n con el uso de cualquiera de los Recursos. <\/p>\n<p>Al utilizar los Recursos de la Empresa, aceptas quedar vinculado por estas Condiciones. Si no est\u00e1s de acuerdo con alguna parte de las Condiciones, debes notificarlo inmediatamente a la Empresa e interrumpir tu relaci\u00f3n con ella. <\/p>\n<p>Todos los Recursos se proporcionan \u201ctal cual\u201d. La Empresa no ofrece garant\u00edas, expresas, impl\u00edcitas o de otro tipo, sobre la exactitud, integridad o rendimiento de ning\u00fan Recurso. <\/p>\n<h3>2. Comunicaciones salientes y cumplimiento de la ley<\/h3>\n<p>En relaci\u00f3n con tus actividades relativas a la comercializaci\u00f3n y venta de productos de seguros que impliquen de alg\u00fan modo a la Empresa (incluido cualquier uso de las marcas comerciales de la Empresa o de cualquier Recurso), aceptas que no lo har\u00e1s:<\/p>\n<ol class=\"lower-roman\">\n<li>vender ninguna pista (\u00ablead\u00bb) comprada a la Empresa o con la ayuda de la Empresa, a menos que la Empresa le autorice expresamente a dedicarse a la venta de pistas;<\/li>\n<li>utilizar (o hacer que otros utilicen en tu nombre), cualquier sistema de marcaci\u00f3n telef\u00f3nica autom\u00e1tica, marcador autom\u00e1tico, texto spam, mensaje pregrabado, llamadas de voz artificial o servicio de telemarketing;<\/li>\n<li>comprar o utilizar clientes potenciales que hayan sido generados mediante cualquier sistema de marcaci\u00f3n telef\u00f3nica autom\u00e1tica, marcador autom\u00e1tico, texto spam, mensaje pregrabado, llamadas de voz artificial o servicio de telemarketing;<\/li>\n<li>ponerse en contacto con cualquier cliente potencial sin la prueba del consentimiento adecuado o, si no existe consentimiento, sin comprobarlo en el Registro federal de No Llamar (\u201cDNC\u201d) y en cualquier lista DNC estatal aplicable;<\/li>\n<li>ponerse en contacto con cualquier cliente potencial que haya solicitado la exclusi\u00f3n voluntaria de las comunicaciones;<\/li>\n<li>si participa en la venta o comercializaci\u00f3n de un producto Medicare Advantage, Medicare Parte D o MAPDP:\n<ol class=\"lower-alpha\">\n<li>utilizar la captaci\u00f3n telef\u00f3nica, incluidos los mensajes de texto, la captaci\u00f3n puerta a puerta, la captaci\u00f3n por correo electr\u00f3nico sin funci\u00f3n de exclusi\u00f3n voluntaria o abordar a posibles afiliados en zonas comunes;<\/li>\n<li>llamar a un posible inscrito que no haya dado permiso a la entidad a la que est\u00e1s afiliado para que un agente del plan o de ventas lo contacte;<\/li>\n<li>utilizar comunicaciones y materiales de marketing que sean inexactos, enga\u00f1osos, que no hayan sido aprobados por los CMS o por el transportista aplicable si se requiere aprobaci\u00f3n, o que de otro modo no cumplan las directrices de marketing de Medicare;<\/li>\n<li>no obtener un Alcance de la Cita apropiado antes de una cita de marketing individual telef\u00f3nica o en persona; o<\/li>\n<li>inscribir a un posible inscrito en un plan Medicare Advantage en una llamada saliente; o<\/li>\n<\/ol>\n<\/li>\n<li>contactar con clientes potenciales o utilizar los Recursos de cualquier forma que infrinja cualquier ley federal o estatal, incluidas, entre otras, las leyes de marketing, la Ley de Protecci\u00f3n del Consumidor Telef\u00f3nico de 1991 (\u201cTCPA\u201d), la Regla de Ventas de Telemarketing (\u201cTSR\u201d), la Ley CAN-SPAM, la Ley de Portabilidad y Responsabilidad de Seguros M\u00e9dicos (\u201cHIPAA\u201d), la Ley de Privacidad del Consumidor de California (\u201cCCPA\u201d) o, en la medida aplicable, las leyes, reglamentos y directrices de Medicare.<\/li>\n<\/ol>\n<h3>3. Comunicaci\u00f3n con el agente<\/h3>\n<p>Como agente, autorizas a la Compa\u00f1\u00eda a ponerse en contacto contigo en relaci\u00f3n con la venta de productos de seguros. La Empresa puede ponerse en contacto contigo por tel\u00e9fono, correo electr\u00f3nico, mensajes de texto, buz\u00f3n de voz u otros m\u00e9todos. Puedes optar por excluirte de las comunicaciones comunicando a la Compa\u00f1\u00eda tu preferencia de exclusi\u00f3n.  <\/p>\n<h3>4. Contratistas independientes<\/h3>\n<p>A excepci\u00f3n de los agentes empleados, los agentes de la Empresa son contratistas independientes de la Empresa y no son empleados de la Empresa. Los agentes no empleados tienen derecho a determinar el m\u00e9todo, la forma y los medios por los que prestan sus servicios. Nada de lo aqu\u00ed dispuesto se interpretar\u00e1 como la creaci\u00f3n de una asociaci\u00f3n, empresa conjunta o relaci\u00f3n de agencia entre los contratistas no empleados y la Empresa.  <\/p>\n<h3>5. Marcas<\/h3>\n<p>El nombre y el logotipo de la Empresa, as\u00ed como todos los nombres, logotipos, nombres de productos y servicios, dise\u00f1os y esl\u00f3ganes relacionados son marcas registradas de la Empresa o de sus filiales o licenciantes. No puedes utilizar dichas marcas sin el permiso previo por escrito de la Empresa. Todos los dem\u00e1s nombres, logotipos, nombres de productos y servicios, dise\u00f1os y esl\u00f3ganes del sitio web de la Empresa son marcas registradas de sus respectivos propietarios.  <\/p>\n<h3>6. Indemnizaci\u00f3n<\/h3>\n<p>Aceptas defender, indemnizar y eximir de toda responsabilidad a la Empresa, sus filiales, licenciantes y proveedores de servicios, as\u00ed como a sus respectivos directivos, directores, empleados, contratistas, agentes, licenciantes, proveedores, sucesores y cesionarios, frente a cualquier reclamaci\u00f3n, responsabilidad, da\u00f1os, sentencias, indemnizaciones, p\u00e9rdidas, costes, gastos u honorarios (incluidos los honorarios razonables de abogados) derivados o relacionados con tu infracci\u00f3n de estas Condiciones o tu uso de los Recursos, incluida tu infracci\u00f3n de la ley.<\/p>\n<h3>7. Limitaci\u00f3n de responsabilidad<\/h3>\n<p>EN LA MEDIDA EN QUE LO PERMITA LA LEY APLICABLE, EN NING\u00daN CASO LA EMPRESA (O SUS EMPLEADOS, DIRECTIVOS, DIRECTORES O AGENTES) SER\u00c1 RESPONSABLE ANTE TI DE NING\u00daN DA\u00d1O CONSECUENTE, EJEMPLAR, INCIDENTAL, ESPECIAL O PUNITIVO DERIVADO DE O RELACIONADO CON ESTAS CONDICIONES O DEL USO O IMPOSIBILIDAD DE USO DE LOS RECURSOS, INDEPENDIENTEMENTE DE LA TEOR\u00cdA LEGAL, E INCLUSO SI LA EMPRESA HA SIDO INFORMADA DE LA POSIBILIDAD DE TALES DA\u00d1OS. EN LA MEDIDA EN QUE LO PERMITA LA LEGISLACI\u00d3N APLICABLE, SIN PERJUICIO DE CUALQUIER DISPOSICI\u00d3N EN CONTRARIO CONTENIDA EN EL PRESENTE DOCUMENTO, LA RESPONSABILIDAD DE LA EMPRESA HACIA TI DERIVADA DE ESTAS CONDICIONES, O DEL USO O IMPOSIBILIDAD DE USO DE LOS RECURSOS, SE LIMITAR\u00c1 EN TODO MOMENTO A LA CANTIDAD MAYOR DE $1.000 O A LOS IMPORTES PAGADOS POR TI A LA EMPRESA POR EL ACCESO Y USO DE LOS RECURSOS. <\/p>\n<h3>8. Acuerdo de arbitraje<\/h3>\n<p>Cualquier disputa, reclamaci\u00f3n o controversia que surja o est\u00e9 relacionada con estas Condiciones o con el incumplimiento, rescisi\u00f3n, aplicaci\u00f3n, interpretaci\u00f3n o validez de las mismas o con el uso de los Recursos se resolver\u00e1 mediante arbitraje vinculante. Tanto t\u00fa como la Empresa renuncian al derecho a un juicio con jurado o a participar como demandante o miembro de una clase en cualquier acci\u00f3n colectiva o procedimiento representativo. El acuerdo de arbitraje sobrevivir\u00e1 a cualquier rescisi\u00f3n de estas Condiciones. El arbitraje ser\u00e1 administrado por la Asociaci\u00f3n Americana de Arbitraje (\u201cAAA\u201d) de acuerdo con las Normas de Arbitraje Comercial y los Procedimientos Suplementarios para Disputas Relacionadas con el Consumidor (las \u201cNormas AAA\u201d) vigentes en ese momento, en Dallas, Texas. El \u00e1rbitro ser\u00e1 seleccionado por las partes de la lista de \u00e1rbitros de la AAA. Si las partes no consiguen ponerse de acuerdo sobre un \u00e1rbitro en el plazo de siete (7) d\u00edas a partir de la entrega de la Demanda de Arbitraje, la AAA designar\u00e1 al \u00e1rbitro de acuerdo con las Normas de la AAA. La sentencia sobre el laudo arbitral podr\u00e1 ser dictada por cualquier tribunal competente. El laudo arbitral de da\u00f1os y perjuicios debe ser coherente con los t\u00e9rminos de la secci\u00f3n \u201cLimitaci\u00f3n de responsabilidad\u201d anterior en cuanto a los tipos y cantidades de da\u00f1os y perjuicios por los que una parte puede ser considerada responsable.       <\/p>\n<h3>9. Renuncia y divisibilidad<\/h3>\n<p>El hecho de que la Empresa no haga valer cualquier derecho o disposici\u00f3n de estas Condiciones no constituir\u00e1 una renuncia a hacer valer dicho derecho o disposici\u00f3n en el futuro. La renuncia a cualquier derecho o disposici\u00f3n de este tipo s\u00f3lo ser\u00e1 efectiva si se realiza por escrito y est\u00e1 firmada por un representante debidamente autorizado de la Empresa. Si por cualquier motivo un tribunal de jurisdicci\u00f3n competente o un \u00e1rbitro considera inv\u00e1lida o inaplicable cualquier disposici\u00f3n de estas Condiciones, dicha disposici\u00f3n se aplicar\u00e1 en la m\u00e1xima medida permitida y las dem\u00e1s disposiciones de estas Condiciones permanecer\u00e1n en pleno vigor y efecto.  <\/p>\n<\/div>\n","protected":false},"excerpt":{"rendered":"<p>Lee atentamente estas Condiciones de servicio (\u201cCondiciones\u201d) antes de utilizar los Recursos de Integrity Marketing Group (la \u201cEmpresa\u201d) (tal y como se definen a continuaci\u00f3n), de solicitar ser agente de seguros de la Empresa o de solicitar de cualquier otro modo la afiliaci\u00f3n a la Empresa. LEE ATENTAMENTE Y COMPRENDE ESTAS CONDICIONES. CONTIENEN UN ACUERDO [&hellip;]<\/p>\n","protected":false},"author":1,"featured_media":0,"parent":0,"menu_order":0,"comment_status":"closed","ping_status":"closed","template":"","meta":{"_acf_changed":false,"footnotes":""},"class_list":["post-1403","page","type-page","status-publish","hentry"],"acf":[],"yoast_head":"<!-- This site is optimized with the Yoast SEO plugin v27.1.1 - https:\/\/yoast.com\/product\/yoast-seo-wordpress\/ -->\n<title>Condiciones del servicio - Legacy Safeguard<\/title>\n<meta name=\"robots\" content=\"index, follow, max-snippet:-1, max-image-preview:large, max-video-preview:-1\" \/>\n<link rel=\"canonical\" href=\"https:\/\/legacysafeguard.com\/es\/condiciones-del-servicio\/\" \/>\n<meta property=\"og:locale\" content=\"es_ES\" \/>\n<meta property=\"og:type\" content=\"article\" \/>\n<meta property=\"og:title\" content=\"Condiciones del servicio - Legacy Safeguard\" \/>\n<meta property=\"og:description\" content=\"Lee atentamente estas Condiciones de servicio (\u201cCondiciones\u201d) antes de utilizar los Recursos de Integrity Marketing Group (la \u201cEmpresa\u201d) (tal y como se definen a continuaci\u00f3n), de solicitar ser agente de seguros de la Empresa o de solicitar de cualquier otro modo la afiliaci\u00f3n a la Empresa. LEE ATENTAMENTE Y COMPRENDE ESTAS CONDICIONES. CONTIENEN UN ACUERDO [&hellip;]\" \/>\n<meta property=\"og:url\" content=\"https:\/\/legacysafeguard.com\/es\/condiciones-del-servicio\/\" \/>\n<meta property=\"og:site_name\" content=\"Legacy Safeguard\" \/>\n<meta property=\"article:modified_time\" content=\"2025-08-04T00:16:45+00:00\" \/>\n<meta name=\"twitter:card\" content=\"summary_large_image\" \/>\n<script type=\"application\/ld+json\" class=\"yoast-schema-graph\">{\"@context\":\"https:\/\/schema.org\",\"@graph\":[{\"@type\":\"WebPage\",\"@id\":\"https:\/\/legacysafeguard.com\/es\/condiciones-del-servicio\/\",\"url\":\"https:\/\/legacysafeguard.com\/es\/condiciones-del-servicio\/\",\"name\":\"Condiciones del servicio - Legacy Safeguard\",\"isPartOf\":{\"@id\":\"https:\/\/legacysafeguard.com\/#website\"},\"datePublished\":\"2021-11-29T17:03:56+00:00\",\"dateModified\":\"2025-08-04T00:16:45+00:00\",\"breadcrumb\":{\"@id\":\"https:\/\/legacysafeguard.com\/es\/condiciones-del-servicio\/#breadcrumb\"},\"inLanguage\":\"es\",\"potentialAction\":[{\"@type\":\"ReadAction\",\"target\":[\"https:\/\/legacysafeguard.com\/es\/condiciones-del-servicio\/\"]}]},{\"@type\":\"BreadcrumbList\",\"@id\":\"https:\/\/legacysafeguard.com\/es\/condiciones-del-servicio\/#breadcrumb\",\"itemListElement\":[{\"@type\":\"ListItem\",\"position\":1,\"name\":\"Home\",\"item\":\"https:\/\/legacysafeguard.com\/es\/\"},{\"@type\":\"ListItem\",\"position\":2,\"name\":\"Condiciones del servicio\"}]},{\"@type\":\"WebSite\",\"@id\":\"https:\/\/legacysafeguard.com\/#website\",\"url\":\"https:\/\/legacysafeguard.com\/\",\"name\":\"Legacy Safeguard\",\"description\":\"Protecting Your Family, Protecting Your Legacy\",\"publisher\":{\"@id\":\"https:\/\/legacysafeguard.com\/#organization\"},\"potentialAction\":[{\"@type\":\"SearchAction\",\"target\":{\"@type\":\"EntryPoint\",\"urlTemplate\":\"https:\/\/legacysafeguard.com\/?s={search_term_string}\"},\"query-input\":{\"@type\":\"PropertyValueSpecification\",\"valueRequired\":true,\"valueName\":\"search_term_string\"}}],\"inLanguage\":\"es\"},{\"@type\":\"Organization\",\"@id\":\"https:\/\/legacysafeguard.com\/#organization\",\"name\":\"Legacy Safeguard\",\"url\":\"https:\/\/legacysafeguard.com\/\",\"logo\":{\"@type\":\"ImageObject\",\"inLanguage\":\"es\",\"@id\":\"https:\/\/legacysafeguard.com\/#\/schema\/logo\/image\/\",\"url\":\"https:\/\/legacysafeguard.com\/wp-content\/uploads\/2024\/01\/ls-2024-R-color-logo.svg\",\"contentUrl\":\"https:\/\/legacysafeguard.com\/wp-content\/uploads\/2024\/01\/ls-2024-R-color-logo.svg\",\"width\":238,\"height\":80,\"caption\":\"Legacy Safeguard\"},\"image\":{\"@id\":\"https:\/\/legacysafeguard.com\/#\/schema\/logo\/image\/\"}}]}<\/script>\n<!-- \/ Yoast SEO plugin. -->","yoast_head_json":{"title":"Condiciones del servicio - Legacy Safeguard","robots":{"index":"index","follow":"follow","max-snippet":"max-snippet:-1","max-image-preview":"max-image-preview:large","max-video-preview":"max-video-preview:-1"},"canonical":"https:\/\/legacysafeguard.com\/es\/condiciones-del-servicio\/","og_locale":"es_ES","og_type":"article","og_title":"Condiciones del servicio - Legacy Safeguard","og_description":"Lee atentamente estas Condiciones de servicio (\u201cCondiciones\u201d) antes de utilizar los Recursos de Integrity Marketing Group (la \u201cEmpresa\u201d) (tal y como se definen a continuaci\u00f3n), de solicitar ser agente de seguros de la Empresa o de solicitar de cualquier otro modo la afiliaci\u00f3n a la Empresa. LEE ATENTAMENTE Y COMPRENDE ESTAS CONDICIONES. CONTIENEN UN ACUERDO [&hellip;]","og_url":"https:\/\/legacysafeguard.com\/es\/condiciones-del-servicio\/","og_site_name":"Legacy Safeguard","article_modified_time":"2025-08-04T00:16:45+00:00","twitter_card":"summary_large_image","schema":{"@context":"https:\/\/schema.org","@graph":[{"@type":"WebPage","@id":"https:\/\/legacysafeguard.com\/es\/condiciones-del-servicio\/","url":"https:\/\/legacysafeguard.com\/es\/condiciones-del-servicio\/","name":"Condiciones del servicio - Legacy Safeguard","isPartOf":{"@id":"https:\/\/legacysafeguard.com\/#website"},"datePublished":"2021-11-29T17:03:56+00:00","dateModified":"2025-08-04T00:16:45+00:00","breadcrumb":{"@id":"https:\/\/legacysafeguard.com\/es\/condiciones-del-servicio\/#breadcrumb"},"inLanguage":"es","potentialAction":[{"@type":"ReadAction","target":["https:\/\/legacysafeguard.com\/es\/condiciones-del-servicio\/"]}]},{"@type":"BreadcrumbList","@id":"https:\/\/legacysafeguard.com\/es\/condiciones-del-servicio\/#breadcrumb","itemListElement":[{"@type":"ListItem","position":1,"name":"Home","item":"https:\/\/legacysafeguard.com\/es\/"},{"@type":"ListItem","position":2,"name":"Condiciones del servicio"}]},{"@type":"WebSite","@id":"https:\/\/legacysafeguard.com\/#website","url":"https:\/\/legacysafeguard.com\/","name":"Legacy Safeguard","description":"Protecting Your Family, Protecting Your Legacy","publisher":{"@id":"https:\/\/legacysafeguard.com\/#organization"},"potentialAction":[{"@type":"SearchAction","target":{"@type":"EntryPoint","urlTemplate":"https:\/\/legacysafeguard.com\/?s={search_term_string}"},"query-input":{"@type":"PropertyValueSpecification","valueRequired":true,"valueName":"search_term_string"}}],"inLanguage":"es"},{"@type":"Organization","@id":"https:\/\/legacysafeguard.com\/#organization","name":"Legacy Safeguard","url":"https:\/\/legacysafeguard.com\/","logo":{"@type":"ImageObject","inLanguage":"es","@id":"https:\/\/legacysafeguard.com\/#\/schema\/logo\/image\/","url":"https:\/\/legacysafeguard.com\/wp-content\/uploads\/2024\/01\/ls-2024-R-color-logo.svg","contentUrl":"https:\/\/legacysafeguard.com\/wp-content\/uploads\/2024\/01\/ls-2024-R-color-logo.svg","width":238,"height":80,"caption":"Legacy Safeguard"},"image":{"@id":"https:\/\/legacysafeguard.com\/#\/schema\/logo\/image\/"}}]}},"_links":{"self":[{"href":"https:\/\/legacysafeguard.com\/es\/wp-json\/wp\/v2\/pages\/1403","targetHints":{"allow":["GET"]}}],"collection":[{"href":"https:\/\/legacysafeguard.com\/es\/wp-json\/wp\/v2\/pages"}],"about":[{"href":"https:\/\/legacysafeguard.com\/es\/wp-json\/wp\/v2\/types\/page"}],"author":[{"embeddable":true,"href":"https:\/\/legacysafeguard.com\/es\/wp-json\/wp\/v2\/users\/1"}],"replies":[{"embeddable":true,"href":"https:\/\/legacysafeguard.com\/es\/wp-json\/wp\/v2\/comments?post=1403"}],"version-history":[{"count":1,"href":"https:\/\/legacysafeguard.com\/es\/wp-json\/wp\/v2\/pages\/1403\/revisions"}],"predecessor-version":[{"id":1404,"href":"https:\/\/legacysafeguard.com\/es\/wp-json\/wp\/v2\/pages\/1403\/revisions\/1404"}],"wp:attachment":[{"href":"https:\/\/legacysafeguard.com\/es\/wp-json\/wp\/v2\/media?parent=1403"}],"curies":[{"name":"wp","href":"https:\/\/api.w.org\/{rel}","templated":true}]}}