{"id":1397,"date":"2024-03-19T00:57:04","date_gmt":"2024-03-19T00:57:04","guid":{"rendered":"https:\/\/legacysafeguard.com\/planificacion-del-legado\/"},"modified":"2025-10-17T20:57:26","modified_gmt":"2025-10-17T20:57:26","slug":"planificacion-del-legado","status":"publish","type":"page","link":"https:\/\/legacysafeguard.com\/es\/planificacion-del-legado\/","title":{"rendered":"Planificaci\u00f3n del legado"},"content":{"rendered":"","protected":false},"excerpt":{"rendered":"","protected":false},"author":1,"featured_media":1313,"parent":0,"menu_order":0,"comment_status":"closed","ping_status":"closed","template":"templates\/page-builder.php","meta":{"_acf_changed":false,"footnotes":""},"class_list":["post-1397","page","type-page","status-publish","has-post-thumbnail","hentry"],"acf":[],"yoast_head":"<!-- This site is optimized with the Yoast SEO plugin v27.1.1 - https:\/\/yoast.com\/product\/yoast-seo-wordpress\/ -->\n<title>Planificaci\u00f3n del legado - Legacy Safeguard<\/title>\n<meta name=\"description\" content=\"Nuestro equipo, software y aplicaci\u00f3n m\u00f3vil de Servicios de Planificaci\u00f3n del Legado pueden ayudarle a documentar informaci\u00f3n importante y a compartir recuerdos y valores significativos con sus seres queridos.\" \/>\n<meta name=\"robots\" content=\"index, follow, max-snippet:-1, max-image-preview:large, max-video-preview:-1\" \/>\n<link rel=\"canonical\" href=\"https:\/\/legacysafeguard.com\/es\/planificacion-del-legado\/\" \/>\n<meta property=\"og:locale\" content=\"es_ES\" \/>\n<meta property=\"og:type\" content=\"article\" \/>\n<meta property=\"og:title\" content=\"Planificaci\u00f3n del legado - Legacy Safeguard\" \/>\n<meta property=\"og:description\" content=\"Nuestro equipo, software y aplicaci\u00f3n m\u00f3vil de Servicios de Planificaci\u00f3n del Legado pueden ayudarle a documentar informaci\u00f3n importante y a compartir recuerdos y valores significativos con sus seres queridos.\" \/>\n<meta property=\"og:url\" content=\"https:\/\/legacysafeguard.com\/es\/planificacion-del-legado\/\" \/>\n<meta property=\"og:site_name\" content=\"Legacy Safeguard\" \/>\n<meta property=\"article:modified_time\" content=\"2025-10-17T20:57:26+00:00\" \/>\n<meta property=\"og:image\" content=\"https:\/\/legacysafeguard.com\/wp-content\/uploads\/2024\/03\/AdobeStock_400480646.jpg\" \/>\n\t<meta property=\"og:image:width\" content=\"465\" \/>\n\t<meta property=\"og:image:height\" content=\"281\" \/>\n\t<meta property=\"og:image:type\" content=\"image\/jpeg\" \/>\n<meta name=\"twitter:card\" content=\"summary_large_image\" \/>\n<meta name=\"twitter:label1\" content=\"Tiempo de lectura\" \/>\n\t<meta name=\"twitter:data1\" content=\"1 minuto\" \/>\n<script type=\"application\/ld+json\" class=\"yoast-schema-graph\">{\"@context\":\"https:\/\/schema.org\",\"@graph\":[{\"@type\":\"WebPage\",\"@id\":\"https:\/\/legacysafeguard.com\/es\/planificacion-del-legado\/\",\"url\":\"https:\/\/legacysafeguard.com\/es\/planificacion-del-legado\/\",\"name\":\"Planificaci\u00f3n del legado - Legacy Safeguard\",\"isPartOf\":{\"@id\":\"https:\/\/legacysafeguard.com\/#website\"},\"primaryImageOfPage\":{\"@id\":\"https:\/\/legacysafeguard.com\/es\/planificacion-del-legado\/#primaryimage\"},\"image\":{\"@id\":\"https:\/\/legacysafeguard.com\/es\/planificacion-del-legado\/#primaryimage\"},\"thumbnailUrl\":\"https:\/\/legacysafeguard.com\/wp-content\/uploads\/2024\/03\/AdobeStock_400480646.jpg\",\"datePublished\":\"2024-03-19T00:57:04+00:00\",\"dateModified\":\"2025-10-17T20:57:26+00:00\",\"description\":\"Nuestro equipo, software y aplicaci\u00f3n m\u00f3vil de Servicios de Planificaci\u00f3n del Legado pueden ayudarle a documentar informaci\u00f3n importante y a compartir recuerdos y valores significativos con sus seres queridos.\",\"breadcrumb\":{\"@id\":\"https:\/\/legacysafeguard.com\/es\/planificacion-del-legado\/#breadcrumb\"},\"inLanguage\":\"es\",\"potentialAction\":[{\"@type\":\"ReadAction\",\"target\":[\"https:\/\/legacysafeguard.com\/es\/planificacion-del-legado\/\"]}]},{\"@type\":\"ImageObject\",\"inLanguage\":\"es\",\"@id\":\"https:\/\/legacysafeguard.com\/es\/planificacion-del-legado\/#primaryimage\",\"url\":\"https:\/\/legacysafeguard.com\/wp-content\/uploads\/2024\/03\/AdobeStock_400480646.jpg\",\"contentUrl\":\"https:\/\/legacysafeguard.com\/wp-content\/uploads\/2024\/03\/AdobeStock_400480646.jpg\",\"width\":465,\"height\":281},{\"@type\":\"BreadcrumbList\",\"@id\":\"https:\/\/legacysafeguard.com\/es\/planificacion-del-legado\/#breadcrumb\",\"itemListElement\":[{\"@type\":\"ListItem\",\"position\":1,\"name\":\"Home\",\"item\":\"https:\/\/legacysafeguard.com\/es\/\"},{\"@type\":\"ListItem\",\"position\":2,\"name\":\"Planificaci\u00f3n del legado\"}]},{\"@type\":\"WebSite\",\"@id\":\"https:\/\/legacysafeguard.com\/#website\",\"url\":\"https:\/\/legacysafeguard.com\/\",\"name\":\"Legacy Safeguard\",\"description\":\"Protecting Your Family, Protecting Your Legacy\",\"publisher\":{\"@id\":\"https:\/\/legacysafeguard.com\/#organization\"},\"potentialAction\":[{\"@type\":\"SearchAction\",\"target\":{\"@type\":\"EntryPoint\",\"urlTemplate\":\"https:\/\/legacysafeguard.com\/?s={search_term_string}\"},\"query-input\":{\"@type\":\"PropertyValueSpecification\",\"valueRequired\":true,\"valueName\":\"search_term_string\"}}],\"inLanguage\":\"es\"},{\"@type\":\"Organization\",\"@id\":\"https:\/\/legacysafeguard.com\/#organization\",\"name\":\"Legacy Safeguard\",\"url\":\"https:\/\/legacysafeguard.com\/\",\"logo\":{\"@type\":\"ImageObject\",\"inLanguage\":\"es\",\"@id\":\"https:\/\/legacysafeguard.com\/#\/schema\/logo\/image\/\",\"url\":\"https:\/\/legacysafeguard.com\/wp-content\/uploads\/2024\/01\/ls-2024-R-color-logo.svg\",\"contentUrl\":\"https:\/\/legacysafeguard.com\/wp-content\/uploads\/2024\/01\/ls-2024-R-color-logo.svg\",\"width\":238,\"height\":80,\"caption\":\"Legacy Safeguard\"},\"image\":{\"@id\":\"https:\/\/legacysafeguard.com\/#\/schema\/logo\/image\/\"}}]}<\/script>\n<!-- \/ Yoast SEO plugin. -->","yoast_head_json":{"title":"Planificaci\u00f3n del legado - Legacy Safeguard","description":"Nuestro equipo, software y aplicaci\u00f3n m\u00f3vil de Servicios de Planificaci\u00f3n del Legado pueden ayudarle a documentar informaci\u00f3n importante y a compartir recuerdos y valores significativos con sus seres queridos.","robots":{"index":"index","follow":"follow","max-snippet":"max-snippet:-1","max-image-preview":"max-image-preview:large","max-video-preview":"max-video-preview:-1"},"canonical":"https:\/\/legacysafeguard.com\/es\/planificacion-del-legado\/","og_locale":"es_ES","og_type":"article","og_title":"Planificaci\u00f3n del legado - Legacy Safeguard","og_description":"Nuestro equipo, software y aplicaci\u00f3n m\u00f3vil de Servicios de Planificaci\u00f3n del Legado pueden ayudarle a documentar informaci\u00f3n importante y a compartir recuerdos y valores significativos con sus seres queridos.","og_url":"https:\/\/legacysafeguard.com\/es\/planificacion-del-legado\/","og_site_name":"Legacy Safeguard","article_modified_time":"2025-10-17T20:57:26+00:00","og_image":[{"width":465,"height":281,"url":"https:\/\/legacysafeguard.com\/wp-content\/uploads\/2024\/03\/AdobeStock_400480646.jpg","type":"image\/jpeg"}],"twitter_card":"summary_large_image","twitter_misc":{"Tiempo de lectura":"1 minuto"},"schema":{"@context":"https:\/\/schema.org","@graph":[{"@type":"WebPage","@id":"https:\/\/legacysafeguard.com\/es\/planificacion-del-legado\/","url":"https:\/\/legacysafeguard.com\/es\/planificacion-del-legado\/","name":"Planificaci\u00f3n del legado - Legacy Safeguard","isPartOf":{"@id":"https:\/\/legacysafeguard.com\/#website"},"primaryImageOfPage":{"@id":"https:\/\/legacysafeguard.com\/es\/planificacion-del-legado\/#primaryimage"},"image":{"@id":"https:\/\/legacysafeguard.com\/es\/planificacion-del-legado\/#primaryimage"},"thumbnailUrl":"https:\/\/legacysafeguard.com\/wp-content\/uploads\/2024\/03\/AdobeStock_400480646.jpg","datePublished":"2024-03-19T00:57:04+00:00","dateModified":"2025-10-17T20:57:26+00:00","description":"Nuestro equipo, software y aplicaci\u00f3n m\u00f3vil de Servicios de Planificaci\u00f3n del Legado pueden ayudarle a documentar informaci\u00f3n importante y a compartir recuerdos y valores significativos con sus seres queridos.","breadcrumb":{"@id":"https:\/\/legacysafeguard.com\/es\/planificacion-del-legado\/#breadcrumb"},"inLanguage":"es","potentialAction":[{"@type":"ReadAction","target":["https:\/\/legacysafeguard.com\/es\/planificacion-del-legado\/"]}]},{"@type":"ImageObject","inLanguage":"es","@id":"https:\/\/legacysafeguard.com\/es\/planificacion-del-legado\/#primaryimage","url":"https:\/\/legacysafeguard.com\/wp-content\/uploads\/2024\/03\/AdobeStock_400480646.jpg","contentUrl":"https:\/\/legacysafeguard.com\/wp-content\/uploads\/2024\/03\/AdobeStock_400480646.jpg","width":465,"height":281},{"@type":"BreadcrumbList","@id":"https:\/\/legacysafeguard.com\/es\/planificacion-del-legado\/#breadcrumb","itemListElement":[{"@type":"ListItem","position":1,"name":"Home","item":"https:\/\/legacysafeguard.com\/es\/"},{"@type":"ListItem","position":2,"name":"Planificaci\u00f3n del legado"}]},{"@type":"WebSite","@id":"https:\/\/legacysafeguard.com\/#website","url":"https:\/\/legacysafeguard.com\/","name":"Legacy Safeguard","description":"Protecting Your Family, Protecting Your Legacy","publisher":{"@id":"https:\/\/legacysafeguard.com\/#organization"},"potentialAction":[{"@type":"SearchAction","target":{"@type":"EntryPoint","urlTemplate":"https:\/\/legacysafeguard.com\/?s={search_term_string}"},"query-input":{"@type":"PropertyValueSpecification","valueRequired":true,"valueName":"search_term_string"}}],"inLanguage":"es"},{"@type":"Organization","@id":"https:\/\/legacysafeguard.com\/#organization","name":"Legacy Safeguard","url":"https:\/\/legacysafeguard.com\/","logo":{"@type":"ImageObject","inLanguage":"es","@id":"https:\/\/legacysafeguard.com\/#\/schema\/logo\/image\/","url":"https:\/\/legacysafeguard.com\/wp-content\/uploads\/2024\/01\/ls-2024-R-color-logo.svg","contentUrl":"https:\/\/legacysafeguard.com\/wp-content\/uploads\/2024\/01\/ls-2024-R-color-logo.svg","width":238,"height":80,"caption":"Legacy Safeguard"},"image":{"@id":"https:\/\/legacysafeguard.com\/#\/schema\/logo\/image\/"}}]}},"_links":{"self":[{"href":"https:\/\/legacysafeguard.com\/es\/wp-json\/wp\/v2\/pages\/1397","targetHints":{"allow":["GET"]}}],"collection":[{"href":"https:\/\/legacysafeguard.com\/es\/wp-json\/wp\/v2\/pages"}],"about":[{"href":"https:\/\/legacysafeguard.com\/es\/wp-json\/wp\/v2\/types\/page"}],"author":[{"embeddable":true,"href":"https:\/\/legacysafeguard.com\/es\/wp-json\/wp\/v2\/users\/1"}],"replies":[{"embeddable":true,"href":"https:\/\/legacysafeguard.com\/es\/wp-json\/wp\/v2\/comments?post=1397"}],"version-history":[{"count":5,"href":"https:\/\/legacysafeguard.com\/es\/wp-json\/wp\/v2\/pages\/1397\/revisions"}],"predecessor-version":[{"id":1549,"href":"https:\/\/legacysafeguard.com\/es\/wp-json\/wp\/v2\/pages\/1397\/revisions\/1549"}],"wp:featuredmedia":[{"embeddable":true,"href":"https:\/\/legacysafeguard.com\/es\/wp-json\/wp\/v2\/media\/1313"}],"wp:attachment":[{"href":"https:\/\/legacysafeguard.com\/es\/wp-json\/wp\/v2\/media?parent=1397"}],"curies":[{"name":"wp","href":"https:\/\/api.w.org\/{rel}","templated":true}]}}