{"id":1393,"date":"2024-03-19T00:57:04","date_gmt":"2024-03-19T00:57:04","guid":{"rendered":"https:\/\/legacysafeguard.com\/planificacion-del-final-de-la-vida\/"},"modified":"2025-08-06T17:08:08","modified_gmt":"2025-08-06T17:08:08","slug":"planificacion-del-final-de-la-vida","status":"publish","type":"page","link":"https:\/\/legacysafeguard.com\/es\/planificacion-del-final-de-la-vida\/","title":{"rendered":"Planificaci\u00f3n del final de la vida"},"content":{"rendered":"","protected":false},"excerpt":{"rendered":"","protected":false},"author":1,"featured_media":0,"parent":0,"menu_order":0,"comment_status":"closed","ping_status":"closed","template":"templates\/page-builder.php","meta":{"_acf_changed":false,"footnotes":""},"class_list":["post-1393","page","type-page","status-publish","hentry"],"acf":[],"yoast_head":"<!-- This site is optimized with the Yoast SEO plugin v27.1.1 - https:\/\/yoast.com\/product\/yoast-seo-wordpress\/ -->\n<title>Planificaci\u00f3n del final de la vida - Legacy Safeguard<\/title>\n<meta name=\"description\" content=\"Cuando se trata de la planificaci\u00f3n del final de la vida y el apoyo de las funerarias, nuestros asesores est\u00e1n aqu\u00ed para ayudar a guiar a su familia en cada paso del camino.\" \/>\n<meta name=\"robots\" content=\"index, follow, max-snippet:-1, max-image-preview:large, max-video-preview:-1\" \/>\n<link rel=\"canonical\" href=\"https:\/\/legacysafeguard.com\/es\/planificacion-del-final-de-la-vida\/\" \/>\n<meta property=\"og:locale\" content=\"es_ES\" \/>\n<meta property=\"og:type\" content=\"article\" \/>\n<meta property=\"og:title\" content=\"Planificaci\u00f3n del final de la vida - Legacy Safeguard\" \/>\n<meta property=\"og:description\" content=\"Cuando se trata de la planificaci\u00f3n del final de la vida y el apoyo de las funerarias, nuestros asesores est\u00e1n aqu\u00ed para ayudar a guiar a su familia en cada paso del camino.\" \/>\n<meta property=\"og:url\" content=\"https:\/\/legacysafeguard.com\/es\/planificacion-del-final-de-la-vida\/\" \/>\n<meta property=\"og:site_name\" content=\"Legacy Safeguard\" \/>\n<meta property=\"article:modified_time\" content=\"2025-08-06T17:08:08+00:00\" \/>\n<meta name=\"twitter:card\" content=\"summary_large_image\" \/>\n<script type=\"application\/ld+json\" class=\"yoast-schema-graph\">{\"@context\":\"https:\/\/schema.org\",\"@graph\":[{\"@type\":\"WebPage\",\"@id\":\"https:\/\/legacysafeguard.com\/es\/planificacion-del-final-de-la-vida\/\",\"url\":\"https:\/\/legacysafeguard.com\/es\/planificacion-del-final-de-la-vida\/\",\"name\":\"Planificaci\u00f3n del final de la vida - Legacy Safeguard\",\"isPartOf\":{\"@id\":\"https:\/\/legacysafeguard.com\/#website\"},\"datePublished\":\"2024-03-19T00:57:04+00:00\",\"dateModified\":\"2025-08-06T17:08:08+00:00\",\"description\":\"Cuando se trata de la planificaci\u00f3n del final de la vida y el apoyo de las funerarias, nuestros asesores est\u00e1n aqu\u00ed para ayudar a guiar a su familia en cada paso del camino.\",\"breadcrumb\":{\"@id\":\"https:\/\/legacysafeguard.com\/es\/planificacion-del-final-de-la-vida\/#breadcrumb\"},\"inLanguage\":\"es\",\"potentialAction\":[{\"@type\":\"ReadAction\",\"target\":[\"https:\/\/legacysafeguard.com\/es\/planificacion-del-final-de-la-vida\/\"]}]},{\"@type\":\"BreadcrumbList\",\"@id\":\"https:\/\/legacysafeguard.com\/es\/planificacion-del-final-de-la-vida\/#breadcrumb\",\"itemListElement\":[{\"@type\":\"ListItem\",\"position\":1,\"name\":\"Home\",\"item\":\"https:\/\/legacysafeguard.com\/es\/\"},{\"@type\":\"ListItem\",\"position\":2,\"name\":\"Planificaci\u00f3n del final de la vida\"}]},{\"@type\":\"WebSite\",\"@id\":\"https:\/\/legacysafeguard.com\/#website\",\"url\":\"https:\/\/legacysafeguard.com\/\",\"name\":\"Legacy Safeguard\",\"description\":\"Protecting Your Family, Protecting Your Legacy\",\"publisher\":{\"@id\":\"https:\/\/legacysafeguard.com\/#organization\"},\"potentialAction\":[{\"@type\":\"SearchAction\",\"target\":{\"@type\":\"EntryPoint\",\"urlTemplate\":\"https:\/\/legacysafeguard.com\/?s={search_term_string}\"},\"query-input\":{\"@type\":\"PropertyValueSpecification\",\"valueRequired\":true,\"valueName\":\"search_term_string\"}}],\"inLanguage\":\"es\"},{\"@type\":\"Organization\",\"@id\":\"https:\/\/legacysafeguard.com\/#organization\",\"name\":\"Legacy Safeguard\",\"url\":\"https:\/\/legacysafeguard.com\/\",\"logo\":{\"@type\":\"ImageObject\",\"inLanguage\":\"es\",\"@id\":\"https:\/\/legacysafeguard.com\/#\/schema\/logo\/image\/\",\"url\":\"https:\/\/legacysafeguard.com\/wp-content\/uploads\/2024\/01\/ls-2024-R-color-logo.svg\",\"contentUrl\":\"https:\/\/legacysafeguard.com\/wp-content\/uploads\/2024\/01\/ls-2024-R-color-logo.svg\",\"width\":238,\"height\":80,\"caption\":\"Legacy Safeguard\"},\"image\":{\"@id\":\"https:\/\/legacysafeguard.com\/#\/schema\/logo\/image\/\"}}]}<\/script>\n<!-- \/ Yoast SEO plugin. -->","yoast_head_json":{"title":"Planificaci\u00f3n del final de la vida - Legacy Safeguard","description":"Cuando se trata de la planificaci\u00f3n del final de la vida y el apoyo de las funerarias, nuestros asesores est\u00e1n aqu\u00ed para ayudar a guiar a su familia en cada paso del camino.","robots":{"index":"index","follow":"follow","max-snippet":"max-snippet:-1","max-image-preview":"max-image-preview:large","max-video-preview":"max-video-preview:-1"},"canonical":"https:\/\/legacysafeguard.com\/es\/planificacion-del-final-de-la-vida\/","og_locale":"es_ES","og_type":"article","og_title":"Planificaci\u00f3n del final de la vida - Legacy Safeguard","og_description":"Cuando se trata de la planificaci\u00f3n del final de la vida y el apoyo de las funerarias, nuestros asesores est\u00e1n aqu\u00ed para ayudar a guiar a su familia en cada paso del camino.","og_url":"https:\/\/legacysafeguard.com\/es\/planificacion-del-final-de-la-vida\/","og_site_name":"Legacy Safeguard","article_modified_time":"2025-08-06T17:08:08+00:00","twitter_card":"summary_large_image","schema":{"@context":"https:\/\/schema.org","@graph":[{"@type":"WebPage","@id":"https:\/\/legacysafeguard.com\/es\/planificacion-del-final-de-la-vida\/","url":"https:\/\/legacysafeguard.com\/es\/planificacion-del-final-de-la-vida\/","name":"Planificaci\u00f3n del final de la vida - Legacy Safeguard","isPartOf":{"@id":"https:\/\/legacysafeguard.com\/#website"},"datePublished":"2024-03-19T00:57:04+00:00","dateModified":"2025-08-06T17:08:08+00:00","description":"Cuando se trata de la planificaci\u00f3n del final de la vida y el apoyo de las funerarias, nuestros asesores est\u00e1n aqu\u00ed para ayudar a guiar a su familia en cada paso del camino.","breadcrumb":{"@id":"https:\/\/legacysafeguard.com\/es\/planificacion-del-final-de-la-vida\/#breadcrumb"},"inLanguage":"es","potentialAction":[{"@type":"ReadAction","target":["https:\/\/legacysafeguard.com\/es\/planificacion-del-final-de-la-vida\/"]}]},{"@type":"BreadcrumbList","@id":"https:\/\/legacysafeguard.com\/es\/planificacion-del-final-de-la-vida\/#breadcrumb","itemListElement":[{"@type":"ListItem","position":1,"name":"Home","item":"https:\/\/legacysafeguard.com\/es\/"},{"@type":"ListItem","position":2,"name":"Planificaci\u00f3n del final de la vida"}]},{"@type":"WebSite","@id":"https:\/\/legacysafeguard.com\/#website","url":"https:\/\/legacysafeguard.com\/","name":"Legacy Safeguard","description":"Protecting Your Family, Protecting Your Legacy","publisher":{"@id":"https:\/\/legacysafeguard.com\/#organization"},"potentialAction":[{"@type":"SearchAction","target":{"@type":"EntryPoint","urlTemplate":"https:\/\/legacysafeguard.com\/?s={search_term_string}"},"query-input":{"@type":"PropertyValueSpecification","valueRequired":true,"valueName":"search_term_string"}}],"inLanguage":"es"},{"@type":"Organization","@id":"https:\/\/legacysafeguard.com\/#organization","name":"Legacy Safeguard","url":"https:\/\/legacysafeguard.com\/","logo":{"@type":"ImageObject","inLanguage":"es","@id":"https:\/\/legacysafeguard.com\/#\/schema\/logo\/image\/","url":"https:\/\/legacysafeguard.com\/wp-content\/uploads\/2024\/01\/ls-2024-R-color-logo.svg","contentUrl":"https:\/\/legacysafeguard.com\/wp-content\/uploads\/2024\/01\/ls-2024-R-color-logo.svg","width":238,"height":80,"caption":"Legacy Safeguard"},"image":{"@id":"https:\/\/legacysafeguard.com\/#\/schema\/logo\/image\/"}}]}},"_links":{"self":[{"href":"https:\/\/legacysafeguard.com\/es\/wp-json\/wp\/v2\/pages\/1393","targetHints":{"allow":["GET"]}}],"collection":[{"href":"https:\/\/legacysafeguard.com\/es\/wp-json\/wp\/v2\/pages"}],"about":[{"href":"https:\/\/legacysafeguard.com\/es\/wp-json\/wp\/v2\/types\/page"}],"author":[{"embeddable":true,"href":"https:\/\/legacysafeguard.com\/es\/wp-json\/wp\/v2\/users\/1"}],"replies":[{"embeddable":true,"href":"https:\/\/legacysafeguard.com\/es\/wp-json\/wp\/v2\/comments?post=1393"}],"version-history":[{"count":1,"href":"https:\/\/legacysafeguard.com\/es\/wp-json\/wp\/v2\/pages\/1393\/revisions"}],"predecessor-version":[{"id":1464,"href":"https:\/\/legacysafeguard.com\/es\/wp-json\/wp\/v2\/pages\/1393\/revisions\/1464"}],"wp:attachment":[{"href":"https:\/\/legacysafeguard.com\/es\/wp-json\/wp\/v2\/media?parent=1393"}],"curies":[{"name":"wp","href":"https:\/\/api.w.org\/{rel}","templated":true}]}}