{"id":1391,"date":"2025-02-04T21:50:32","date_gmt":"2025-02-04T21:50:32","guid":{"rendered":"https:\/\/legacysafeguard.com\/aviso-de-privacidad-de-los-datos-sanitarios-de-los-consumidores\/"},"modified":"2025-08-05T20:30:31","modified_gmt":"2025-08-05T20:30:31","slug":"aviso-de-privacidad-de-los-datos-sanitarios-de-los-consumidores","status":"publish","type":"page","link":"https:\/\/legacysafeguard.com\/es\/aviso-de-privacidad-de-los-datos-sanitarios-de-los-consumidores\/","title":{"rendered":"Aviso de privacidad de los datos sanitarios de los consumidores"},"content":{"rendered":"<p><span id=\"int-content\"><\/span><br \/>\n\u00daltima modificaci\u00f3n: 18 de diciembre de 2024<\/p>\n<h2>VISI\u00d3N GENERAL<\/h2>\n<p>Este aviso complementa el <a href=\"https:\/\/legacysafeguard.com\/es\/politica-de-privacidad\/\" rel=\"noopener\">Aviso de Privacidad<\/a> y s\u00f3lo se aplica a los \u00abdatos sanitarios del consumidor\u00bb sujetos a la Ley Mi Salud, Mis Datos (MHMDA) del Estado de Washington.<\/p>\n<p>Este aviso describe las pr\u00e1cticas de recopilaci\u00f3n, uso y divulgaci\u00f3n con respecto a Legacy Safeguard (\u00abnosotros\u00bb, \u00abnos\u00bb, \u00abnuestro\u00bb o la \u00abEmpresa\u00bb) y su sitio web, legacysafeguard.com, y cualquier otro sitio web o plataforma que la Empresa pueda crear en el futuro (la \u00abPlataforma\u00bb).<\/p>\n<p>Las personas residentes en Washington o las personas con datos sanitarios de consumidores que se hayan recopilado en Washington deben revisar este aviso.<\/p>\n<h2>DATOS SANITARIOS DE LOS CONSUMIDORES QUE RECOPILAMOS \/ FUENTES DE DATOS SANITARIOS DE LOS CONSUMIDORES<\/h2>\n<p>La tabla siguiente detalla las categor\u00edas de Datos de Salud del Consumidor que podemos recopilar u obtener a trav\u00e9s del funcionamiento de la Plataforma y de los servicios que prestamos. Adem\u00e1s de las fuentes enumeradas a continuaci\u00f3n, podemos recopilar esta informaci\u00f3n de terceros proveedores de servicios o vendedores. Tambi\u00e9n podemos inferir cierta informaci\u00f3n sobre ti bas\u00e1ndonos en la informaci\u00f3n proporcionada por cualquiera de las fuentes enumeradas a continuaci\u00f3n.  <\/p>\n<table class=\"table table-bordered\">\n<thead>\n<tr>\n<td>Categor\u00eda (seg\u00fan la definici\u00f3n de la MHMDA)<\/td>\n<td>Ejemplos y fuentes<\/td>\n<\/tr>\n<\/thead>\n<tbody>\n<tr>\n<td>Condiciones de salud, enfermedades, tratamientos o diagn\u00f3sticos<\/td>\n<td>Informaci\u00f3n sobre la salud del Consumidor facilitada en el curso de conversaciones con un Agente o representante, que sea relevante para la tramitaci\u00f3n de una solicitud de un producto de seguro. Por ejemplo, las notas sobre un Consumidor pueden indicar que padece diabetes, lo que es relevante para una solicitud de un producto de seguro de vida. <\/td>\n<\/tr>\n<tr>\n<td>Cirug\u00edas o procedimientos relacionados con la salud;<\/td>\n<td>Informaci\u00f3n sobre la salud del consumidor facilitada en el curso de conversaciones con un Agente o representante, que sea relevante para la tramitaci\u00f3n de una solicitud de un producto de seguro.<\/td>\n<\/tr>\n<tr>\n<td>Uso o compra de medicamentos prescritos<\/td>\n<td>Informaci\u00f3n sobre la salud del consumidor facilitada en el curso de conversaciones con un Agente o representante, que sea relevante para la tramitaci\u00f3n de una solicitud de un producto de seguro.<\/td>\n<\/tr>\n<tr>\n<td>Diagn\u00f3sticos o pruebas diagn\u00f3sticas, tratamiento o medicaci\u00f3n<\/td>\n<td>Informaci\u00f3n sobre la salud del consumidor facilitada en el curso de conversaciones con un Agente o representante, que sea relevante para la tramitaci\u00f3n de una solicitud de un producto de seguro.<\/td>\n<\/tr>\n<tr>\n<td>Datos que identifican a un consumidor que solicita servicios de asistencia sanitaria;<\/td>\n<td>Datos sobre la salud del consumidor facilitados en el curso de conversaciones con un Agente o representante, que sean relevantes para la tramitaci\u00f3n de una solicitud de un producto de seguro.<\/td>\n<\/tr>\n<tr>\n<td>Datos biom\u00e9tricos<\/td>\n<td>Grabaciones de audio de conversaciones de Consumidores con representantes y Agentes en relaci\u00f3n con consultas sobre productos de seguros. Tambi\u00e9n podemos tener acceso a fragmentos de v\u00eddeo de la actividad del usuario en el sitio web que demuestren su consentimiento para ser contactado. Esta informaci\u00f3n se recoge de Proveedores L\u00edderes, Agentes, aseguradoras y agencias.  <\/td>\n<\/tr>\n<\/tbody>\n<\/table>\n<h2>USO DE LOS DATOS SANITARIOS DE LOS CONSUMIDORES<\/h2>\n<p>Podemos utilizar o divulgar los datos sanitarios de los consumidores que recopilamos para uno o varios de los siguientes fines:<\/p>\n<ul>\n<li>Proporcionar nuestros productos y servicios;<\/li>\n<li>Operar la Plataforma<\/li>\n<li>Comunicarnos contigo en relaci\u00f3n con la Plataforma;<\/li>\n<li>Ponerse en contacto con los Consumidores a trav\u00e9s de nuestros agentes empleados en relaci\u00f3n con los productos de seguro en los que el Consumidor haya expresado inter\u00e9s;<\/li>\n<li>Atiende las consultas de usuarios y consumidores;<\/li>\n<li>Procesa las transacciones;<\/li>\n<li>Adaptar el contenido y la informaci\u00f3n que podamos enviarte o mostrarte;<\/li>\n<li>Analizar el uso de nuestros productos y servicios;<\/li>\n<li>Desarrollar nuevos productos y servicios;<\/li>\n<li>Cumplir las obligaciones legales;<\/li>\n<li>Proteger nuestros derechos, propiedad y seguridad o los derechos, propiedad y seguridad de otros; y<\/li>\n<li>Evaluar o llevar a cabo una fusi\u00f3n, desinversi\u00f3n, reestructuraci\u00f3n, reorganizaci\u00f3n, disoluci\u00f3n u otro tipo de venta o transferencia de algunos o todos nuestros activos, ya sea como empresa en funcionamiento o como parte de un procedimiento de quiebra, liquidaci\u00f3n o similar, en el que la informaci\u00f3n personal que poseemos sobre nuestros clientes se encuentre entre los activos transferidos. Por la presente, usted consiente dichas transferencias y nosotros podemos asignar y transferir todos los derechos, beneficios, deberes y obligaciones de este Aviso de Privacidad, bajo las circunstancias descritas en este p\u00e1rrafo.<\/li>\n<\/ul>\n<p>Podemos recopilar, utilizar o revelar los datos de salud de los consumidores para prevenir, detectar, proteger o responder a incidentes de seguridad, robo de identidad, fraude, acoso, actividades maliciosas o enga\u00f1osas, o cualquier actividad que sea ilegal seg\u00fan la ley del estado de Washington o la ley federal; preservar la integridad o seguridad de los sistemas; o investigar, informar o procesar a los responsables de cualquier acci\u00f3n ilegal seg\u00fan la ley del estado de Washington o la ley federal.<\/p>\n<h2>COMPARTIR LOS DATOS SANITARIOS DE LOS CONSUMIDORES<\/h2>\n<p>Podemos revelar todas las categor\u00edas de salud del consumidor descritas anteriormente en \u00abDatos de salud del consumidor que recopilamos\u00bb a los terceros que se indican a continuaci\u00f3n con el fin de facilitar la venta de productos de seguros a las personas interesadas en adquirir dichos productos. Compartimos los datos de salud del consumidor con: <\/p>\n<ul>\n<li>Con Consumidor en relaci\u00f3n con los datos sanitarios;<\/li>\n<li>Con nuestros clientes (es decir, las compa\u00f1\u00edas de seguros, para que puedan ofrecer opciones de cobertura basadas en la informaci\u00f3n que proporciona el consumidor);<\/li>\n<li>Con proveedores de an\u00e1lisis de datos;<\/li>\n<li>Con proveedores de servicios que nos ayudan a prestar nuestros servicios y a gestionar nuestro negocio; y<\/li>\n<li>Con nuestros afiliados.<\/li>\n<\/ul>\n<h2>TUS DERECHOS DE PRIVACIDAD<\/h2>\n<p>Como residente de Washington, o como individuo con datos de salud del consumidor recogidos en Washington, tienes los derechos que se indican a continuaci\u00f3n. Para ejercer tus derechos de privacidad, haz clic <a href=\"https:\/\/submit-irm.trustarc.com\/services\/validation\/d14968e7-edec-4831-b5f2-c494567844f6\/?brandId=3d705d70-22a2-4dc7-93a0-9d5b7e50396b\" target=\"_blank\" rel=\"noopener\">aqu\u00ed.<\/a> <\/p>\n<table class=\"table table-bordered\">\n<tbody>\n<tr>\n<td>Derecho del consumidor<\/td>\n<td>Descripci\u00f3n<\/td>\n<\/tr>\n<tr>\n<td>Derecho a confirmar el tratamiento de los datos sanitarios del consumidor<\/td>\n<td>Puedes solicitar confirmaci\u00f3n de si la Empresa est\u00e1 recopilando, compartiendo o vendiendo tus datos de salud del consumidor.<\/td>\n<\/tr>\n<tr>\n<td>Derecho a acceder a los datos sanitarios del consumidor<\/td>\n<td>Puedes solicitar acceso y obtener una copia de los datos espec\u00edficos de salud del consumidor que hayamos recopilado sobre ti, incluida una lista de todos los terceros y afiliados con los que hayamos compartido o vendido los datos de salud del consumidor y una direcci\u00f3n de correo electr\u00f3nico activa u otro mecanismo en l\u00ednea que puedas utilizar para ponerte en contacto con estos terceros.<\/td>\n<\/tr>\n<tr>\n<td>Derecho a retirar el consentimiento para recopilar y compartir datos sanitarios del consumidor<\/td>\n<td>Puedes solicitar la retirada de tu consentimiento para que recopilemos (es decir, utilicemos) y compartamos (con terceros y afiliados) tus datos de salud del consumidor.<\/td>\n<\/tr>\n<tr>\n<td>Derecho a eliminar los datos sanitarios del consumidor<\/td>\n<td>Puedes solicitar la supresi\u00f3n de tus datos sanitarios de consumidor.<\/td>\n<\/tr>\n<tr>\n<td>Derecho a solicitar recurrir la denegaci\u00f3n<\/td>\n<td>Puedes solicitar a la Empresa que reconsidere la denegaci\u00f3n de una solicitud de datos sanitarios del consumidor. Si tu recurso no prospera, puedes presentar una queja ante el Fiscal General del Estado de Washington en https:\/\/www.atg.wa.gov\/file-complaint. <\/td>\n<\/tr>\n<\/tbody>\n<\/table>\n<h2>EJERCER TUS DERECHOS DE PRIVACIDAD<\/h2>\n<table class=\"table table-bordered\">\n<tbody>\n<tr>\n<td>Proceso<\/td>\n<td>Descripci\u00f3n<\/td>\n<\/tr>\n<tr>\n<td>Autenticaci\u00f3n<\/td>\n<td>Con el fin de proteger tus datos de salud del consumidor de accesos o eliminaciones no autorizados, podemos pedirte que verifiques las credenciales de tu cuenta antes de que puedas enviar una solicitud de derechos de privacidad. Si no tienes una cuenta con nosotros, o si sospechamos que se ha accedido a tu cuenta sin tu autorizaci\u00f3n, podemos pedirte que proporciones Datos Personales adicionales para su verificaci\u00f3n. <\/p>\n<p>Estamos legalmente obligados a verificar tu identidad cuando presentas una solicitud. Podemos solicitarte informaci\u00f3n adicional para verificar tu identidad. Si presentas una solicitud para eliminar tus Datos Personales, tambi\u00e9n se te pedir\u00e1 que confirmes la solicitud de eliminaci\u00f3n por correo electr\u00f3nico.  <\/p>\n<p>Si posteriormente no podemos confirmar tu identidad, podemos rechazar tu solicitud de derechos de privacidad.<\/td>\n<\/tr>\n<tr>\n<td>Uso de agentes autorizados<\/td>\n<td>S\u00f3lo t\u00fa puedes realizar solicitudes relacionadas con tus datos de salud del consumidor, no permite que ninguna persona autorizada realice una solicitud en tu nombre.<\/td>\n<\/tr>\n<\/tbody>\n<\/table>\n<p>Para ejercer cualquiera de estos derechos, haz clic <a href=\"https:\/\/submit-irm.trustarc.com\/services\/validation\/d14968e7-edec-4831-b5f2-c494567844f6\/?brandId=3d705d70-22a2-4dc7-93a0-9d5b7e50396b\" target=\"_blank\" rel=\"noopener\">aqu\u00ed<\/a>.<\/p>\n<h2>ACTUALIZACIONES DE ESTE AVISO DE PRIVACIDAD<\/h2>\n<p>Podemos revisar este Aviso de Privacidad de Datos de Salud del Consumidor de vez en cuando. Si realizamos cambios sustanciales en este Aviso de confidencialidad de los datos sanitarios del consumidor, te lo notificaremos por correo electr\u00f3nico o mediante la publicaci\u00f3n de un aviso en nuestra Plataforma antes o en la fecha de entrada en vigor de los cambios. Si contin\u00faas accediendo o utilizando la Plataforma despu\u00e9s de que dichos cambios entren en vigor, aceptas la versi\u00f3n revisada del Aviso de Privacidad de Datos de Salud del Consumidor.  <\/p>\n<p>&nbsp;<\/p>\n","protected":false},"excerpt":{"rendered":"<p>\u00daltima modificaci\u00f3n: 18 de diciembre de 2024 VISI\u00d3N GENERAL Este aviso complementa el Aviso de Privacidad y s\u00f3lo se aplica a los \u00abdatos sanitarios del consumidor\u00bb sujetos a la Ley Mi Salud, Mis Datos (MHMDA) del Estado de Washington. Este aviso describe las pr\u00e1cticas de recopilaci\u00f3n, uso y divulgaci\u00f3n con respecto a Legacy Safeguard (\u00abnosotros\u00bb, [&hellip;]<\/p>\n","protected":false},"author":1,"featured_media":0,"parent":0,"menu_order":0,"comment_status":"closed","ping_status":"closed","template":"","meta":{"_acf_changed":false,"footnotes":""},"class_list":["post-1391","page","type-page","status-publish","hentry"],"acf":[],"yoast_head":"<!-- This site is optimized with the Yoast SEO plugin v27.1.1 - https:\/\/yoast.com\/product\/yoast-seo-wordpress\/ -->\n<title>Aviso de privacidad de los datos sanitarios de los consumidores - Legacy Safeguard<\/title>\n<meta name=\"robots\" content=\"index, follow, max-snippet:-1, max-image-preview:large, max-video-preview:-1\" \/>\n<link rel=\"canonical\" href=\"https:\/\/legacysafeguard.com\/es\/aviso-de-privacidad-de-los-datos-sanitarios-de-los-consumidores\/\" \/>\n<meta property=\"og:locale\" content=\"es_ES\" \/>\n<meta property=\"og:type\" content=\"article\" \/>\n<meta property=\"og:title\" content=\"Aviso de privacidad de los datos sanitarios de los consumidores - Legacy Safeguard\" \/>\n<meta property=\"og:description\" content=\"\u00daltima modificaci\u00f3n: 18 de diciembre de 2024 VISI\u00d3N GENERAL Este aviso complementa el Aviso de Privacidad y s\u00f3lo se aplica a los \u00abdatos sanitarios del consumidor\u00bb sujetos a la Ley Mi Salud, Mis Datos (MHMDA) del Estado de Washington. Este aviso describe las pr\u00e1cticas de recopilaci\u00f3n, uso y divulgaci\u00f3n con respecto a Legacy Safeguard (\u00abnosotros\u00bb, [&hellip;]\" \/>\n<meta property=\"og:url\" content=\"https:\/\/legacysafeguard.com\/es\/aviso-de-privacidad-de-los-datos-sanitarios-de-los-consumidores\/\" \/>\n<meta property=\"og:site_name\" content=\"Legacy Safeguard\" \/>\n<meta property=\"article:modified_time\" content=\"2025-08-05T20:30:31+00:00\" \/>\n<meta name=\"twitter:card\" content=\"summary_large_image\" \/>\n<meta name=\"twitter:label1\" content=\"Tiempo de lectura\" \/>\n\t<meta name=\"twitter:data1\" content=\"7 minutos\" \/>\n<script type=\"application\/ld+json\" class=\"yoast-schema-graph\">{\"@context\":\"https:\/\/schema.org\",\"@graph\":[{\"@type\":\"WebPage\",\"@id\":\"https:\/\/legacysafeguard.com\/es\/aviso-de-privacidad-de-los-datos-sanitarios-de-los-consumidores\/\",\"url\":\"https:\/\/legacysafeguard.com\/es\/aviso-de-privacidad-de-los-datos-sanitarios-de-los-consumidores\/\",\"name\":\"Aviso de privacidad de los datos sanitarios de los consumidores - Legacy Safeguard\",\"isPartOf\":{\"@id\":\"https:\/\/legacysafeguard.com\/#website\"},\"datePublished\":\"2025-02-04T21:50:32+00:00\",\"dateModified\":\"2025-08-05T20:30:31+00:00\",\"breadcrumb\":{\"@id\":\"https:\/\/legacysafeguard.com\/es\/aviso-de-privacidad-de-los-datos-sanitarios-de-los-consumidores\/#breadcrumb\"},\"inLanguage\":\"es\",\"potentialAction\":[{\"@type\":\"ReadAction\",\"target\":[\"https:\/\/legacysafeguard.com\/es\/aviso-de-privacidad-de-los-datos-sanitarios-de-los-consumidores\/\"]}]},{\"@type\":\"BreadcrumbList\",\"@id\":\"https:\/\/legacysafeguard.com\/es\/aviso-de-privacidad-de-los-datos-sanitarios-de-los-consumidores\/#breadcrumb\",\"itemListElement\":[{\"@type\":\"ListItem\",\"position\":1,\"name\":\"Home\",\"item\":\"https:\/\/legacysafeguard.com\/es\/\"},{\"@type\":\"ListItem\",\"position\":2,\"name\":\"Aviso de privacidad de los datos sanitarios de los consumidores\"}]},{\"@type\":\"WebSite\",\"@id\":\"https:\/\/legacysafeguard.com\/#website\",\"url\":\"https:\/\/legacysafeguard.com\/\",\"name\":\"Legacy Safeguard\",\"description\":\"Protecting Your Family, Protecting Your Legacy\",\"publisher\":{\"@id\":\"https:\/\/legacysafeguard.com\/#organization\"},\"potentialAction\":[{\"@type\":\"SearchAction\",\"target\":{\"@type\":\"EntryPoint\",\"urlTemplate\":\"https:\/\/legacysafeguard.com\/?s={search_term_string}\"},\"query-input\":{\"@type\":\"PropertyValueSpecification\",\"valueRequired\":true,\"valueName\":\"search_term_string\"}}],\"inLanguage\":\"es\"},{\"@type\":\"Organization\",\"@id\":\"https:\/\/legacysafeguard.com\/#organization\",\"name\":\"Legacy Safeguard\",\"url\":\"https:\/\/legacysafeguard.com\/\",\"logo\":{\"@type\":\"ImageObject\",\"inLanguage\":\"es\",\"@id\":\"https:\/\/legacysafeguard.com\/#\/schema\/logo\/image\/\",\"url\":\"https:\/\/legacysafeguard.com\/wp-content\/uploads\/2024\/01\/ls-2024-R-color-logo.svg\",\"contentUrl\":\"https:\/\/legacysafeguard.com\/wp-content\/uploads\/2024\/01\/ls-2024-R-color-logo.svg\",\"width\":238,\"height\":80,\"caption\":\"Legacy Safeguard\"},\"image\":{\"@id\":\"https:\/\/legacysafeguard.com\/#\/schema\/logo\/image\/\"}}]}<\/script>\n<!-- \/ Yoast SEO plugin. -->","yoast_head_json":{"title":"Aviso de privacidad de los datos sanitarios de los consumidores - Legacy Safeguard","robots":{"index":"index","follow":"follow","max-snippet":"max-snippet:-1","max-image-preview":"max-image-preview:large","max-video-preview":"max-video-preview:-1"},"canonical":"https:\/\/legacysafeguard.com\/es\/aviso-de-privacidad-de-los-datos-sanitarios-de-los-consumidores\/","og_locale":"es_ES","og_type":"article","og_title":"Aviso de privacidad de los datos sanitarios de los consumidores - Legacy Safeguard","og_description":"\u00daltima modificaci\u00f3n: 18 de diciembre de 2024 VISI\u00d3N GENERAL Este aviso complementa el Aviso de Privacidad y s\u00f3lo se aplica a los \u00abdatos sanitarios del consumidor\u00bb sujetos a la Ley Mi Salud, Mis Datos (MHMDA) del Estado de Washington. Este aviso describe las pr\u00e1cticas de recopilaci\u00f3n, uso y divulgaci\u00f3n con respecto a Legacy Safeguard (\u00abnosotros\u00bb, [&hellip;]","og_url":"https:\/\/legacysafeguard.com\/es\/aviso-de-privacidad-de-los-datos-sanitarios-de-los-consumidores\/","og_site_name":"Legacy Safeguard","article_modified_time":"2025-08-05T20:30:31+00:00","twitter_card":"summary_large_image","twitter_misc":{"Tiempo de lectura":"7 minutos"},"schema":{"@context":"https:\/\/schema.org","@graph":[{"@type":"WebPage","@id":"https:\/\/legacysafeguard.com\/es\/aviso-de-privacidad-de-los-datos-sanitarios-de-los-consumidores\/","url":"https:\/\/legacysafeguard.com\/es\/aviso-de-privacidad-de-los-datos-sanitarios-de-los-consumidores\/","name":"Aviso de privacidad de los datos sanitarios de los consumidores - Legacy Safeguard","isPartOf":{"@id":"https:\/\/legacysafeguard.com\/#website"},"datePublished":"2025-02-04T21:50:32+00:00","dateModified":"2025-08-05T20:30:31+00:00","breadcrumb":{"@id":"https:\/\/legacysafeguard.com\/es\/aviso-de-privacidad-de-los-datos-sanitarios-de-los-consumidores\/#breadcrumb"},"inLanguage":"es","potentialAction":[{"@type":"ReadAction","target":["https:\/\/legacysafeguard.com\/es\/aviso-de-privacidad-de-los-datos-sanitarios-de-los-consumidores\/"]}]},{"@type":"BreadcrumbList","@id":"https:\/\/legacysafeguard.com\/es\/aviso-de-privacidad-de-los-datos-sanitarios-de-los-consumidores\/#breadcrumb","itemListElement":[{"@type":"ListItem","position":1,"name":"Home","item":"https:\/\/legacysafeguard.com\/es\/"},{"@type":"ListItem","position":2,"name":"Aviso de privacidad de los datos sanitarios de los consumidores"}]},{"@type":"WebSite","@id":"https:\/\/legacysafeguard.com\/#website","url":"https:\/\/legacysafeguard.com\/","name":"Legacy Safeguard","description":"Protecting Your Family, Protecting Your Legacy","publisher":{"@id":"https:\/\/legacysafeguard.com\/#organization"},"potentialAction":[{"@type":"SearchAction","target":{"@type":"EntryPoint","urlTemplate":"https:\/\/legacysafeguard.com\/?s={search_term_string}"},"query-input":{"@type":"PropertyValueSpecification","valueRequired":true,"valueName":"search_term_string"}}],"inLanguage":"es"},{"@type":"Organization","@id":"https:\/\/legacysafeguard.com\/#organization","name":"Legacy Safeguard","url":"https:\/\/legacysafeguard.com\/","logo":{"@type":"ImageObject","inLanguage":"es","@id":"https:\/\/legacysafeguard.com\/#\/schema\/logo\/image\/","url":"https:\/\/legacysafeguard.com\/wp-content\/uploads\/2024\/01\/ls-2024-R-color-logo.svg","contentUrl":"https:\/\/legacysafeguard.com\/wp-content\/uploads\/2024\/01\/ls-2024-R-color-logo.svg","width":238,"height":80,"caption":"Legacy Safeguard"},"image":{"@id":"https:\/\/legacysafeguard.com\/#\/schema\/logo\/image\/"}}]}},"_links":{"self":[{"href":"https:\/\/legacysafeguard.com\/es\/wp-json\/wp\/v2\/pages\/1391","targetHints":{"allow":["GET"]}}],"collection":[{"href":"https:\/\/legacysafeguard.com\/es\/wp-json\/wp\/v2\/pages"}],"about":[{"href":"https:\/\/legacysafeguard.com\/es\/wp-json\/wp\/v2\/types\/page"}],"author":[{"embeddable":true,"href":"https:\/\/legacysafeguard.com\/es\/wp-json\/wp\/v2\/users\/1"}],"replies":[{"embeddable":true,"href":"https:\/\/legacysafeguard.com\/es\/wp-json\/wp\/v2\/comments?post=1391"}],"version-history":[{"count":1,"href":"https:\/\/legacysafeguard.com\/es\/wp-json\/wp\/v2\/pages\/1391\/revisions"}],"predecessor-version":[{"id":1455,"href":"https:\/\/legacysafeguard.com\/es\/wp-json\/wp\/v2\/pages\/1391\/revisions\/1455"}],"wp:attachment":[{"href":"https:\/\/legacysafeguard.com\/es\/wp-json\/wp\/v2\/media?parent=1391"}],"curies":[{"name":"wp","href":"https:\/\/api.w.org\/{rel}","templated":true}]}}